{"id":389,"date":"2020-06-23T10:18:47","date_gmt":"2020-06-23T13:18:47","guid":{"rendered":"https:\/\/www.ccblux.com.br\/?page_id=389"},"modified":"2020-06-24T09:54:33","modified_gmt":"2020-06-24T12:54:33","slug":"assistente-para-planejar-viagens-em-luxemburgo","status":"publish","type":"page","link":"https:\/\/ccblux.com.br\/?page_id=389","title":{"rendered":"Assistente para planejar viagens em Luxemburgo"},"content":{"rendered":"\n<p><\/p>\n\n\n\n<p><\/p>\n\n\n\n<p class=\"destaque\">Para voc\u00ea que vai visitar Luxemburgo ou fazer a assinatura da RECUPERA\u00c7\u00c3O ou OP\u00c7\u00c3O <br>N\u00f3s fizemos uma integra\u00e7\u00e3o com o Minist\u00e9rio da Cultura de Luxemburgo para apresentar os v\u00e1rios eventos que acontecem no pa\u00eds<\/p>\n\n\n\n<style>.destaque{width:number 210px; height:number 210px;background-color:lightgrey;border:solid thick red; border-radius: 1em; \n          border-width:3px; padding-left:9px; padding-top:6px; \n          padding-bottom:6px; margin:2px; }<\/style><p class=\"destaque\">Nesta p\u00e1gina voc\u00ea seleciona o dia de sua visita em Luxemburgo e ao clicar no bot\u00e3o MOSTRAR CALEND\u00c1RIO ser\u00e1 apresentado um calend\u00e1rio com v\u00e1rios eventos: entre festas, exposi\u00e7\u00f5es, concertos, apresenta\u00e7\u00f5es (gratuitas e pagas) para que voc\u00ea fa\u00e7a um melhor planejamento e aproveite ao m\u00e1ximo sua estadia em Luxemburgo:<\/p>\n\n\n\n<link rel=\"stylesheet\" href=\"https:\/\/stackpath.bootstrapcdn.com\/bootstrap\/4.1.3\/css\/bootstrap.min.css\" integrity=\"sha384-MCw98\/SFnGE8fJT3GXwEOngsV7Zt27NXFoaoApmYm81iuXoPkFOJwJ8ERdknLPMO\" crossorigin=\"anonymous\">\n\n<script src=\"https:\/\/code.jquery.com\/jquery-3.3.1.slim.min.js\" integrity=\"sha384-q8i\/X+965DzO0rT7abK41JStQIAqVgRVzpbzo5smXKp4YfRvH+8abtTE1Pi6jizo\" crossorigin=\"anonymous\"><\/script>\n<script src=\"https:\/\/cdnjs.cloudflare.com\/ajax\/libs\/popper.js\/1.14.3\/umd\/popper.min.js\" integrity=\"sha384-ZMP7rVo3mIykV+2+9J3UJ46jBk0WLaUAdn689aCwoqbBJiSnjAK\/l8WvCWPIPm49\" crossorigin=\"anonymous\"><\/script>\n<script src=\"https:\/\/stackpath.bootstrapcdn.com\/bootstrap\/4.1.3\/js\/bootstrap.min.js\" integrity=\"sha384-ChfqqxuZUCnJSK3+MXmPNIyE6ZbWh2IMqE241rYiqJxyMiZ6OW\/JmZQ5stwEULTy\" crossorigin=\"anonymous\"><\/script>\n<script type=\"text\/javascript\">\nfunction insereTexto()\n{document.getElementById('divInform').innerHTML = 'Aguarde, buscando os dados...';}\n<\/script>\n\n<form action=\"calendario.php\" method=\"POST\">\n<div>\n<label>Data prevista em Luxemburgo:<\/label>\n    <input style=\"width:170px\" type=\"date\" id=\"dataselecionada\" name=\"dataselecionada\" class=\"form-control\" value=\"2021-01-01\" onchange=\"\">\n    \n\n    <label>Selecione a Cidade:<\/label><br>\n<p>(Recupera\u00e7\u00e3o\/Op\u00e7\u00e3o \u00e9 sempre feita em Luxembourg Capital)<\/p>\n<!--     \n<select id=\"cidade\" name=\"cidade\" class=\"form-control\">\n  <option value=\"LUXEMBOURG\" selected>Luxemburgo Capital<\/option>\n  <option value=\"ECHTERNACH\">Echternach<\/option>\n  <option value=\"DIEKIRCH\">Diekirch<\/option>\n  <option value=\"REMICH\">Remich<\/option>\n  <option value=\"ESCH-SUR-ALZETTE\">Esch-sur-Alzette<\/option>\n<\/select>\n-->\n<input type=\"radio\" id=\"cidadelux\" name=\"cidadelux\" value=\"LUXEMBOURG\" checked=\"\">\n<label for=\"LUXEMBOURG\">Luxemburgo Capital<\/label><br>\n<input type=\"radio\" id=\"cidadelux\" name=\"cidadelux\" value=\"ECHTERNACH\">\n<label value=\"ECHTERNACH\">Echternach<\/label><br>\n<input type=\"radio\" id=\"cidadelux\" name=\"cidadelux\" value=\"DIEKIRCH\">\n<label value=\"DIEKIRCH\">Diekirch<\/label><br>\n<input type=\"radio\" id=\"cidadelux\" name=\"cidadelux\" value=\"REMICH\">\n<label value=\"REMICH\">Remich<\/label><br>\n<input type=\"radio\" id=\"cidadelux\" name=\"cidadelux\" value=\"ESCH-SUR-ALZETTE\">\n<label value=\"ESCH-SUR-ALZETTE\">Esch-sur-Alzette<\/label>\n\n<\/div>\n\n<div>\n    <button style=\"background:red\" onclick=\"insereTexto()\" type=\"submit\" value=\"Submit\">Mostrar Calend\u00e1rio<\/button>\n<\/div>\n<div id=\"divInform\"><\/div>\n<small><i><br<br><br><br>Vers\u00e3o Beta<br>As informa\u00e7\u00f5es aqui apresentadas foram disponibilizadas mediante uma integra\u00e7\u00e3o via internet com a Agence luxembourgeoise d\u2019action culturelle a.s.b.l.<br>(A CCBLUX apenas informa os eventos, n\u00e3o nos responsabilizamos por decis\u00f5es de viagem tomadas com base nestas informa\u00e7\u00f5es)<\/i><\/small>\n<\/form>\n\n\n\n<p><\/p>\n","protected":false},"excerpt":{"rendered":"<p>Para voc\u00ea que vai visitar Luxemburgo ou fazer a assinatura da RECUPERA\u00c7\u00c3O ou OP\u00c7\u00c3O N\u00f3s fizemos uma integra\u00e7\u00e3o com o Minist\u00e9rio da Cultura de Luxemburgo para apresentar os v\u00e1rios eventos que acontecem no pa\u00eds Nesta p\u00e1gina voc\u00ea seleciona o dia de sua visita em Luxemburgo e ao clicar no bot\u00e3o MOSTRAR CALEND\u00c1RIO ser\u00e1 apresentado um &hellip; <\/p>\n<p class=\"link-more\"><a href=\"https:\/\/ccblux.com.br\/?page_id=389\" class=\"more-link\">Continue lendo<span class=\"screen-reader-text\"> &#8220;Assistente para planejar viagens em Luxemburgo&#8221;<\/span><\/a><\/p>\n","protected":false},"author":1,"featured_media":0,"parent":0,"menu_order":0,"comment_status":"closed","ping_status":"closed","template":"","meta":{"footnotes":""},"class_list":["post-389","page","type-page","status-publish","hentry"],"yoast_head":"<!-- This site is optimized with the Yoast SEO plugin v27.4 - https:\/\/yoast.com\/product\/yoast-seo-wordpress\/ -->\n<title>Assistente para planejar viagens em Luxemburgo - CCBLUX - Centro Cultural Brasil Luxemburgo<\/title>\n<meta name=\"robots\" content=\"index, follow, max-snippet:-1, max-image-preview:large, max-video-preview:-1\" \/>\n<link rel=\"canonical\" href=\"https:\/\/www.ccblux.com.br\/?page_id=389\" \/>\n<meta property=\"og:locale\" content=\"pt_BR\" \/>\n<meta property=\"og:type\" content=\"article\" \/>\n<meta property=\"og:title\" content=\"Assistente para planejar viagens em Luxemburgo - CCBLUX - Centro Cultural Brasil Luxemburgo\" \/>\n<meta property=\"og:description\" content=\"Para voc\u00ea que vai visitar Luxemburgo ou fazer a assinatura da RECUPERA\u00c7\u00c3O ou OP\u00c7\u00c3O N\u00f3s fizemos uma integra\u00e7\u00e3o com o Minist\u00e9rio da Cultura de Luxemburgo para apresentar os v\u00e1rios eventos que acontecem no pa\u00eds Nesta p\u00e1gina voc\u00ea seleciona o dia de sua visita em Luxemburgo e ao clicar no bot\u00e3o MOSTRAR CALEND\u00c1RIO ser\u00e1 apresentado um &hellip; Continue lendo &quot;Assistente para planejar viagens em Luxemburgo&quot;\" \/>\n<meta property=\"og:url\" content=\"https:\/\/www.ccblux.com.br\/?page_id=389\" \/>\n<meta property=\"og:site_name\" content=\"CCBLUX - Centro Cultural Brasil Luxemburgo\" \/>\n<meta property=\"article:publisher\" content=\"https:\/\/www.facebook.com\/CCBLUX\" \/>\n<meta property=\"article:modified_time\" content=\"2020-06-24T12:54:33+00:00\" \/>\n<meta name=\"twitter:card\" content=\"summary_large_image\" \/>\n<meta name=\"twitter:label1\" content=\"Est. tempo de leitura\" \/>\n\t<meta name=\"twitter:data1\" content=\"1 minuto\" \/>\n<script type=\"application\/ld+json\" class=\"yoast-schema-graph\">{\"@context\":\"https:\\\/\\\/schema.org\",\"@graph\":[{\"@type\":\"WebPage\",\"@id\":\"https:\\\/\\\/www.ccblux.com.br\\\/?page_id=389\",\"url\":\"https:\\\/\\\/www.ccblux.com.br\\\/?page_id=389\",\"name\":\"Assistente para planejar viagens em Luxemburgo - CCBLUX - Centro Cultural Brasil Luxemburgo\",\"isPartOf\":{\"@id\":\"https:\\\/\\\/www.ccblux.com.br\\\/#website\"},\"datePublished\":\"2020-06-23T13:18:47+00:00\",\"dateModified\":\"2020-06-24T12:54:33+00:00\",\"breadcrumb\":{\"@id\":\"https:\\\/\\\/www.ccblux.com.br\\\/?page_id=389#breadcrumb\"},\"inLanguage\":\"pt-BR\",\"potentialAction\":[{\"@type\":\"ReadAction\",\"target\":[\"https:\\\/\\\/www.ccblux.com.br\\\/?page_id=389\"]}]},{\"@type\":\"BreadcrumbList\",\"@id\":\"https:\\\/\\\/www.ccblux.com.br\\\/?page_id=389#breadcrumb\",\"itemListElement\":[{\"@type\":\"ListItem\",\"position\":1,\"name\":\"In\u00edcio\",\"item\":\"https:\\\/\\\/www.ccblux.com.br\\\/\"},{\"@type\":\"ListItem\",\"position\":2,\"name\":\"Assistente para planejar viagens em Luxemburgo\"}]},{\"@type\":\"WebSite\",\"@id\":\"https:\\\/\\\/www.ccblux.com.br\\\/#website\",\"url\":\"https:\\\/\\\/www.ccblux.com.br\\\/\",\"name\":\"CCBLUX - Centro Cultural Brasil Luxemburgo\",\"description\":\"Retomando os La\u00e7os com as ra\u00edzes luxemburguesas\",\"publisher\":{\"@id\":\"https:\\\/\\\/www.ccblux.com.br\\\/#organization\"},\"potentialAction\":[{\"@type\":\"SearchAction\",\"target\":{\"@type\":\"EntryPoint\",\"urlTemplate\":\"https:\\\/\\\/www.ccblux.com.br\\\/?s={search_term_string}\"},\"query-input\":{\"@type\":\"PropertyValueSpecification\",\"valueRequired\":true,\"valueName\":\"search_term_string\"}}],\"inLanguage\":\"pt-BR\"},{\"@type\":\"Organization\",\"@id\":\"https:\\\/\\\/www.ccblux.com.br\\\/#organization\",\"name\":\"CCBLUX Consultoria Ltda\",\"url\":\"https:\\\/\\\/www.ccblux.com.br\\\/\",\"logo\":{\"@type\":\"ImageObject\",\"inLanguage\":\"pt-BR\",\"@id\":\"https:\\\/\\\/www.ccblux.com.br\\\/#\\\/schema\\\/logo\\\/image\\\/\",\"url\":\"https:\\\/\\\/www.ccblux.com.br\\\/wp-content\\\/uploads\\\/2017\\\/06\\\/CCBLUX2ss.png\",\"contentUrl\":\"https:\\\/\\\/www.ccblux.com.br\\\/wp-content\\\/uploads\\\/2017\\\/06\\\/CCBLUX2ss.png\",\"width\":111,\"height\":131,\"caption\":\"CCBLUX Consultoria Ltda\"},\"image\":{\"@id\":\"https:\\\/\\\/www.ccblux.com.br\\\/#\\\/schema\\\/logo\\\/image\\\/\"},\"sameAs\":[\"https:\\\/\\\/www.facebook.com\\\/CCBLUX\"]}]}<\/script>\n<!-- \/ Yoast SEO plugin. -->","yoast_head_json":{"title":"Assistente para planejar viagens em Luxemburgo - CCBLUX - Centro Cultural Brasil Luxemburgo","robots":{"index":"index","follow":"follow","max-snippet":"max-snippet:-1","max-image-preview":"max-image-preview:large","max-video-preview":"max-video-preview:-1"},"canonical":"https:\/\/www.ccblux.com.br\/?page_id=389","og_locale":"pt_BR","og_type":"article","og_title":"Assistente para planejar viagens em Luxemburgo - CCBLUX - Centro Cultural Brasil Luxemburgo","og_description":"Para voc\u00ea que vai visitar Luxemburgo ou fazer a assinatura da RECUPERA\u00c7\u00c3O ou OP\u00c7\u00c3O N\u00f3s fizemos uma integra\u00e7\u00e3o com o Minist\u00e9rio da Cultura de Luxemburgo para apresentar os v\u00e1rios eventos que acontecem no pa\u00eds Nesta p\u00e1gina voc\u00ea seleciona o dia de sua visita em Luxemburgo e ao clicar no bot\u00e3o MOSTRAR CALEND\u00c1RIO ser\u00e1 apresentado um &hellip; Continue lendo \"Assistente para planejar viagens em Luxemburgo\"","og_url":"https:\/\/www.ccblux.com.br\/?page_id=389","og_site_name":"CCBLUX - Centro Cultural Brasil Luxemburgo","article_publisher":"https:\/\/www.facebook.com\/CCBLUX","article_modified_time":"2020-06-24T12:54:33+00:00","twitter_card":"summary_large_image","twitter_misc":{"Est. tempo de leitura":"1 minuto"},"schema":{"@context":"https:\/\/schema.org","@graph":[{"@type":"WebPage","@id":"https:\/\/www.ccblux.com.br\/?page_id=389","url":"https:\/\/www.ccblux.com.br\/?page_id=389","name":"Assistente para planejar viagens em Luxemburgo - CCBLUX - Centro Cultural Brasil Luxemburgo","isPartOf":{"@id":"https:\/\/www.ccblux.com.br\/#website"},"datePublished":"2020-06-23T13:18:47+00:00","dateModified":"2020-06-24T12:54:33+00:00","breadcrumb":{"@id":"https:\/\/www.ccblux.com.br\/?page_id=389#breadcrumb"},"inLanguage":"pt-BR","potentialAction":[{"@type":"ReadAction","target":["https:\/\/www.ccblux.com.br\/?page_id=389"]}]},{"@type":"BreadcrumbList","@id":"https:\/\/www.ccblux.com.br\/?page_id=389#breadcrumb","itemListElement":[{"@type":"ListItem","position":1,"name":"In\u00edcio","item":"https:\/\/www.ccblux.com.br\/"},{"@type":"ListItem","position":2,"name":"Assistente para planejar viagens em Luxemburgo"}]},{"@type":"WebSite","@id":"https:\/\/www.ccblux.com.br\/#website","url":"https:\/\/www.ccblux.com.br\/","name":"CCBLUX - Centro Cultural Brasil Luxemburgo","description":"Retomando os La\u00e7os com as ra\u00edzes luxemburguesas","publisher":{"@id":"https:\/\/www.ccblux.com.br\/#organization"},"potentialAction":[{"@type":"SearchAction","target":{"@type":"EntryPoint","urlTemplate":"https:\/\/www.ccblux.com.br\/?s={search_term_string}"},"query-input":{"@type":"PropertyValueSpecification","valueRequired":true,"valueName":"search_term_string"}}],"inLanguage":"pt-BR"},{"@type":"Organization","@id":"https:\/\/www.ccblux.com.br\/#organization","name":"CCBLUX Consultoria Ltda","url":"https:\/\/www.ccblux.com.br\/","logo":{"@type":"ImageObject","inLanguage":"pt-BR","@id":"https:\/\/www.ccblux.com.br\/#\/schema\/logo\/image\/","url":"https:\/\/www.ccblux.com.br\/wp-content\/uploads\/2017\/06\/CCBLUX2ss.png","contentUrl":"https:\/\/www.ccblux.com.br\/wp-content\/uploads\/2017\/06\/CCBLUX2ss.png","width":111,"height":131,"caption":"CCBLUX Consultoria Ltda"},"image":{"@id":"https:\/\/www.ccblux.com.br\/#\/schema\/logo\/image\/"},"sameAs":["https:\/\/www.facebook.com\/CCBLUX"]}]}},"_links":{"self":[{"href":"https:\/\/ccblux.com.br\/index.php?rest_route=\/wp\/v2\/pages\/389","targetHints":{"allow":["GET"]}}],"collection":[{"href":"https:\/\/ccblux.com.br\/index.php?rest_route=\/wp\/v2\/pages"}],"about":[{"href":"https:\/\/ccblux.com.br\/index.php?rest_route=\/wp\/v2\/types\/page"}],"author":[{"embeddable":true,"href":"https:\/\/ccblux.com.br\/index.php?rest_route=\/wp\/v2\/users\/1"}],"replies":[{"embeddable":true,"href":"https:\/\/ccblux.com.br\/index.php?rest_route=%2Fwp%2Fv2%2Fcomments&post=389"}],"version-history":[{"count":62,"href":"https:\/\/ccblux.com.br\/index.php?rest_route=\/wp\/v2\/pages\/389\/revisions"}],"predecessor-version":[{"id":470,"href":"https:\/\/ccblux.com.br\/index.php?rest_route=\/wp\/v2\/pages\/389\/revisions\/470"}],"wp:attachment":[{"href":"https:\/\/ccblux.com.br\/index.php?rest_route=%2Fwp%2Fv2%2Fmedia&parent=389"}],"curies":[{"name":"wp","href":"https:\/\/api.w.org\/{rel}","templated":true}]}}